{"id":1196,"date":"2011-06-10T15:56:29","date_gmt":"2011-06-10T15:56:29","guid":{"rendered":"http:\/\/starmoonland.com\/weblog\/"},"modified":"2019-06-22T16:57:24","modified_gmt":"2019-06-22T16:57:24","slug":"contos","status":"publish","type":"page","link":"https:\/\/starmoonland.com\/weblog\/artbook\/literatura\/contos\/","title":{"rendered":"Contos"},"content":{"rendered":"\n<h4 class=\"wp-block-heading\">Postagens caracterizadas como contos <\/h4>\n\n\n<ul class=\"lcp_catlist\" id=\"lcp_instance_0\"><li><a href=\"https:\/\/starmoonland.com\/weblog\/2010\/05\/10\/whenever-you-close-your-eyes\/\">Whenever You Close Your Eyes<\/a><\/li><li><a href=\"https:\/\/starmoonland.com\/weblog\/2013\/02\/14\/ver-no-que-vai-dar\/\">Ver no que vai dar<\/a><\/li><li><a href=\"https:\/\/starmoonland.com\/weblog\/2011\/08\/31\/um-dia-sera-que-passa\/\">Um dia ser\u00e1 que passa?<\/a><\/li><li><a href=\"https:\/\/starmoonland.com\/weblog\/2011\/02\/20\/sofrer-por-amor\/\">Sofrer por amor<\/a><\/li><li><a href=\"https:\/\/starmoonland.com\/weblog\/2015\/06\/23\/sera-que-so-precisa-de-coragem\/\">Ser\u00e1 que s\u00f3 precisa de coragem?<\/a><\/li><li><a href=\"https:\/\/starmoonland.com\/weblog\/2011\/03\/22\/salto\/\">salto<\/a><\/li><li><a href=\"https:\/\/starmoonland.com\/weblog\/2011\/12\/15\/promessa-ao-anoitecer\/\">Promessa ao anoitecer<\/a><\/li><li><a href=\"https:\/\/starmoonland.com\/weblog\/2014\/04\/24\/por-que-um-dia-a-gente-entende\/\">Por qu\u00ea um dia a gente entende&#8230;<\/a><\/li><li><a href=\"https:\/\/starmoonland.com\/weblog\/2013\/09\/17\/para-os-dois-com-amor\/\">Para os dois, amor ou seria melhor coragem?<\/a><\/li><li><a href=\"https:\/\/starmoonland.com\/weblog\/2013\/09\/01\/opostos-se-distraem\/\">Os dispostos se atraem<\/a><\/li><li><a href=\"https:\/\/starmoonland.com\/weblog\/2012\/05\/05\/onde-vive-a-alegria\/\">Onde vive a alegria<\/a><\/li><li><a href=\"https:\/\/starmoonland.com\/weblog\/2016\/04\/11\/na-verdade-quem-esta-perdendo-tempo\/\">Na verdade, quem est\u00e1 perdendo tempo?<\/a><\/li><li><a href=\"https:\/\/starmoonland.com\/weblog\/2012\/03\/13\/if-you-cant-control-just-go-with-it\/\">If you can&#8217;t control, just go with it<\/a><\/li><li><a href=\"https:\/\/starmoonland.com\/weblog\/2011\/10\/17\/how-forget-all-the-promises-that-someday-you-made\/\">How forget all the promises that someday you made?<\/a><\/li><li><a href=\"https:\/\/starmoonland.com\/weblog\/2010\/08\/08\/escolhas-e-destino\/\">Escolhas e destino<\/a><\/li><\/ul>\n\n\n<hr class=\"wp-block-separator\"\/>\n\n\n\n<h4 class=\"wp-block-heading\">Hist\u00f3rias<\/h4>\n\n\n\n<ul>\n \t<li><a href=\"http:\/\/www.fanfiction.net\/s\/3754723\/1\/Sentimento_que_transcede_ao_tempo\" target=\"_blank\" rel=\"noopener noreferrer\">Fanfiction &#8211; Sentimento que transcede ao tempo<\/a> &#8211; <span>Hist\u00f3ria baseada no Anime Inuyasha<\/span><\/li>\n\t<li><a href=\"http:\/\/starmoonland.com\/weblog\/?page_id=85\" target=\"_blank\" rel=\"noopener noreferrer\">Cor Esperan\u00e7a<\/a> &#8211; <span>Hist\u00f3ria e Personagens fict\u00edcios<\/span><\/li>\n<\/ul>\n","protected":false},"excerpt":{"rendered":"<p>Postagens caracterizadas como contos Hist\u00f3rias Fanfiction &#8211; Sentimento que transcede ao tempo &#8211; Hist\u00f3ria baseada no Anime Inuyasha Cor Esperan\u00e7a &#8211; Hist\u00f3ria e Personagens fict\u00edcios<\/p>\n","protected":false},"author":1,"featured_media":2981,"parent":2803,"menu_order":0,"comment_status":"open","ping_status":"closed","template":"portfolio.php","meta":{"_acf_changed":false,"footnotes":""},"categories":[674,26],"tags":[690,330],"class_list":["post-1196","page","type-page","status-publish","has-post-thumbnail","hentry","category-literatura","category-portfolio","tag-contos","tag-historias"],"acf":[],"_links":{"self":[{"href":"https:\/\/starmoonland.com\/weblog\/wp-json\/wp\/v2\/pages\/1196","targetHints":{"allow":["GET"]}}],"collection":[{"href":"https:\/\/starmoonland.com\/weblog\/wp-json\/wp\/v2\/pages"}],"about":[{"href":"https:\/\/starmoonland.com\/weblog\/wp-json\/wp\/v2\/types\/page"}],"author":[{"embeddable":true,"href":"https:\/\/starmoonland.com\/weblog\/wp-json\/wp\/v2\/users\/1"}],"replies":[{"embeddable":true,"href":"https:\/\/starmoonland.com\/weblog\/wp-json\/wp\/v2\/comments?post=1196"}],"version-history":[{"count":14,"href":"https:\/\/starmoonland.com\/weblog\/wp-json\/wp\/v2\/pages\/1196\/revisions"}],"predecessor-version":[{"id":3021,"href":"https:\/\/starmoonland.com\/weblog\/wp-json\/wp\/v2\/pages\/1196\/revisions\/3021"}],"up":[{"embeddable":true,"href":"https:\/\/starmoonland.com\/weblog\/wp-json\/wp\/v2\/pages\/2803"}],"wp:featuredmedia":[{"embeddable":true,"href":"https:\/\/starmoonland.com\/weblog\/wp-json\/wp\/v2\/media\/2981"}],"wp:attachment":[{"href":"https:\/\/starmoonland.com\/weblog\/wp-json\/wp\/v2\/media?parent=1196"}],"wp:term":[{"taxonomy":"category","embeddable":true,"href":"https:\/\/starmoonland.com\/weblog\/wp-json\/wp\/v2\/categories?post=1196"},{"taxonomy":"post_tag","embeddable":true,"href":"https:\/\/starmoonland.com\/weblog\/wp-json\/wp\/v2\/tags?post=1196"}],"curies":[{"name":"wp","href":"https:\/\/api.w.org\/{rel}","templated":true}]}}