{"id":1623,"date":"2008-07-06T20:31:04","date_gmt":"2008-07-07T00:31:04","guid":{"rendered":"http:\/\/starmoonland.com\/weblog\/?page_id=2"},"modified":"2022-03-15T00:17:30","modified_gmt":"2022-03-15T00:17:30","slug":"about","status":"publish","type":"page","link":"https:\/\/starmoonland.com\/weblog\/about\/","title":{"rendered":"Who is she?!"},"content":{"rendered":"\n<p>Foi batizada pelos pais com o nome de Mariana, e apesar de j\u00e1 ter tido in\u00fameros apelidos, prefere ser chamada apenas de Mari, a menos que estejamos &nbsp;adentrando em seu mundo virtual e quase nada particular na internet onde \u00e9 conhecida como Rena. Nasceu em S\u00e3o Paulo, no ano do&nbsp;Drag\u00e3o, em um dos momentos em que o sol passava pela casa de virgem, capric\u00f3rnio alcan\u00e7ava a linha do horizonte, e a lua dava um ol\u00e1 para peixes.<\/p>\n\n\n\n<p>Quando pequena, tinha um senso de justi\u00e7a muito forte, sempre defendendo os fracos e oprimidos, mas com o passar dos anos, tornou-se mais fria em rela\u00e7\u00e3o aos outros, afinal, tantas foram as vezes que&nbsp;se machucou&nbsp;para ajudar pessoas que n\u00e3o mereciam sua aten\u00e7\u00e3o, isso sem contar as frias em que se&nbsp;metia pelos&nbsp;amigos.<\/p>\n\n\n\n<p>Como todo mundo, sobreviveu a alguns acidentes de percurso &nbsp;e talvez eles tenham ajudado a formar sua personalidade, talvez mais at\u00e9 que os fatos citados no come\u00e7o desta p\u00e1gina, mas como \u00e9 muito mais interessante culpar o universo pelas falhas e dificuldades que encontramos&nbsp;em n\u00f3s mesmos, \u00e9 melhor&nbsp;continuar acreditando que algumas coisas est\u00e3o determinadas a acontecer, mesmo quando seguimos caminhos opostos a elas.<\/p>\n\n\n\n<p>Age por impulso, se apaixona facilmente, e como todo mundo, j\u00e1 fez o que era certo e tamb\u00e9m o que era errado. J\u00e1 falou bobagem em momentos que era melhor se calar e constantemente se cala em momentos que precisa falar. As vezes \u00e9 um pouco exagerada, tende a levar as coisas muito a s\u00e9rio, e tem dificuldade de relaxar, em outros, bom, melhor nem comentar.<\/p>\n\n\n\n<p>No fundo \u00e9 uma garota como qualquer outra, com algumas caracter\u00edsticas marcantes e outras incrivelmente irritantes. Ama ler e escrever. N\u00e3o vive sem esportes e atividades f\u00edsicas, nem que seja pular a noite toda em uma balada, at\u00e9 porque, dan\u00e7ar n\u00e3o \u00e9 parte de seu charme. J\u00e1 chorou quando deveria ter sorrido, e j\u00e1 riu quando deveria estar chorando. J\u00e1 abriu m\u00e3o de coisas que queria, e tamb\u00e9m j\u00e1 conquistou coisas que n\u00e3o precisava. Fez muitas coisas por obriga\u00e7\u00e3o, mas muito mais coisas por prazer.<\/p>\n\n\n\n<p>N\u00e3o pergunte como ser\u00e1 sua vida daqui a 5 ou 10 anos, pois \u00e9 capaz de entrar em depress\u00e3o, mal sabe o que ser\u00e1 do dia de amanh\u00e3, quem dir\u00e1 depois. &nbsp;Se tivesse um objetivo para cada dia, este seria&nbsp;torn\u00e1-lo&nbsp;especial e memor\u00e1vel.<\/p>\n\n\n\n<p>Tem a mente f\u00e9rtil, mas \u00e9 pregui\u00e7osa demais para tornar tudo o que sonha realidade, precisando muitas vezes de um empurr\u00e3o para fazer aquilo que deseja, e apesar da pregui\u00e7a, quando decide uma coisa, tem mania de ir at\u00e9 o fim para conseguir o que deseja. \u00c9 perfeccionista e n\u00e3o gosta de coisas pela metade.<\/p>\n\n\n\n<p>Uma curiosidade: Procura um significado para sua vida, um motivo para ter nascido aqui na terra, nessa \u00e9poca. N\u00e3o sabe muito sobre vidas passadas, nem mesmo se acredita nelas, mas se tivesse que escolher, gostaria de pensar que em outras vidas era algu\u00e9m forte o bastante para mudar as coisas, e sortuda o suficiente para amar loucamente, quase como aqueles de filmes rom\u00e2nticos, quase nada clich\u00eas em que a personagem sempre sabe que est\u00e1 com a pessoa certa.<\/p>\n\n\n\n<p>Essas palavras resumem um pouco quem ela \u00e9. Mas n\u00e3o s\u00e3o suficientes para descrev\u00ea-la por completo. Para conhece-la realmente, talvez, s\u00f3 convivendo com essa garota meio louca, meio normal, um pouco de tudo e de nada.<\/p>\n\n\n\n<section><center>[instagram-feed feed=1]<\/center><\/section>\n","protected":false},"excerpt":{"rendered":"<p>Foi batizada pelos pais com o nome de Mariana, e apesar de j\u00e1 ter tido in\u00fameros apelidos, prefere ser chamada apenas de Mari, a menos que estejamos &nbsp;adentrando em seu mundo virtual e quase nada particular na internet onde \u00e9 conhecida como Rena. Nasceu em S\u00e3o Paulo, no ano do&nbsp;Drag\u00e3o, em um dos momentos em&#8230;<\/p>\n","protected":false},"author":1,"featured_media":2500,"parent":0,"menu_order":1,"comment_status":"closed","ping_status":"closed","template":"","meta":{"_acf_changed":false,"footnotes":""},"categories":[],"tags":[],"class_list":["post-1623","page","type-page","status-publish","has-post-thumbnail","hentry"],"acf":[],"_links":{"self":[{"href":"https:\/\/starmoonland.com\/weblog\/wp-json\/wp\/v2\/pages\/1623","targetHints":{"allow":["GET"]}}],"collection":[{"href":"https:\/\/starmoonland.com\/weblog\/wp-json\/wp\/v2\/pages"}],"about":[{"href":"https:\/\/starmoonland.com\/weblog\/wp-json\/wp\/v2\/types\/page"}],"author":[{"embeddable":true,"href":"https:\/\/starmoonland.com\/weblog\/wp-json\/wp\/v2\/users\/1"}],"replies":[{"embeddable":true,"href":"https:\/\/starmoonland.com\/weblog\/wp-json\/wp\/v2\/comments?post=1623"}],"version-history":[{"count":4,"href":"https:\/\/starmoonland.com\/weblog\/wp-json\/wp\/v2\/pages\/1623\/revisions"}],"predecessor-version":[{"id":3544,"href":"https:\/\/starmoonland.com\/weblog\/wp-json\/wp\/v2\/pages\/1623\/revisions\/3544"}],"wp:featuredmedia":[{"embeddable":true,"href":"https:\/\/starmoonland.com\/weblog\/wp-json\/"}],"wp:attachment":[{"href":"https:\/\/starmoonland.com\/weblog\/wp-json\/wp\/v2\/media?parent=1623"}],"wp:term":[{"taxonomy":"category","embeddable":true,"href":"https:\/\/starmoonland.com\/weblog\/wp-json\/wp\/v2\/categories?post=1623"},{"taxonomy":"post_tag","embeddable":true,"href":"https:\/\/starmoonland.com\/weblog\/wp-json\/wp\/v2\/tags?post=1623"}],"curies":[{"name":"wp","href":"https:\/\/api.w.org\/{rel}","templated":true}]}}