{"id":2415,"date":"2016-08-16T18:16:02","date_gmt":"2016-08-16T18:16:02","guid":{"rendered":"http:\/\/starmoonland.com\/weblog\/?page_id=2415"},"modified":"2019-08-12T18:50:49","modified_gmt":"2019-08-12T18:50:49","slug":"site-da-artista-regina-f-helou","status":"publish","type":"page","link":"https:\/\/starmoonland.com\/weblog\/artbook\/projetos-web\/site-da-artista-regina-f-helou\/","title":{"rendered":"Site da Artista Regina F Helou"},"content":{"rendered":"<div id=\"gt3pg_gallery1\" class=\"gt3pg_galleryid-2415 gt3pg_gallery-columns-3 gt3pg_photo_gallery gt3pg-corner-type-standard gt3pg_hover-default gt3pg-type-masonry\" data-size=\"medium\" data-type=\"masonry\" data-corner=\"standard\" data-link=\"lightbox\" data-margin=\"32\" data-instance=\"1\"><figure class=\"gt3pg_gallery-item gt3pg_element\"><div class=\"gt3pg_item_main_wrapper\"><div class=\"gt3pg_item-wrapper\"><a href=\"https:\/\/starmoonland.com\/weblog\/wp-content\/uploads\/2019\/06\/WhatsApp-Image-2019-06-20-at-20.29.14-169x300.jpeg\" class=\"gt3pg_swipebox \" data-description=\"\"><div class=\"gt3pg_img_wrap \" style=\"background-image: url(https:\/\/starmoonland.com\/weblog\/wp-content\/uploads\/2019\/06\/WhatsApp-Image-2019-06-20-at-20.29.14-169x300.jpeg);\" data-width=\"720\" data-height=\"1280\" data-i=\"1\" >\r\n<img decoding=\"async\" src=\"https:\/\/starmoonland.com\/weblog\/wp-content\/uploads\/2019\/06\/WhatsApp-Image-2019-06-20-at-20.29.14-169x300.jpeg\" title=\"Screen shot de navega\u00e7\u00e3o responsiva.\" alt=\"\" \/>\r\n<\/div><\/a>\n<\/div>\n <\/div><\/figure>\n<figure class=\"gt3pg_gallery-item gt3pg_element\"><div class=\"gt3pg_item_main_wrapper\"><div class=\"gt3pg_item-wrapper\"><a href=\"https:\/\/starmoonland.com\/weblog\/wp-content\/uploads\/2019\/06\/WhatsApp-Image-2019-06-20-at-20.29.14-1-169x300.jpeg\" class=\"gt3pg_swipebox \" data-description=\"\"><div class=\"gt3pg_img_wrap \" style=\"background-image: url(https:\/\/starmoonland.com\/weblog\/wp-content\/uploads\/2019\/06\/WhatsApp-Image-2019-06-20-at-20.29.14-1-169x300.jpeg);\" data-width=\"720\" data-height=\"1280\" data-i=\"2\" >\r\n<img decoding=\"async\" src=\"https:\/\/starmoonland.com\/weblog\/wp-content\/uploads\/2019\/06\/WhatsApp-Image-2019-06-20-at-20.29.14-1-169x300.jpeg\" title=\"ScreenShot de navega\u00e7\u00e3o responsiva.\" alt=\"\" \/>\r\n<\/div><\/a>\n<\/div>\n <\/div><\/figure>\n<figure class=\"gt3pg_gallery-item gt3pg_element\"><div class=\"gt3pg_item_main_wrapper\"><div class=\"gt3pg_item-wrapper\"><a href=\"https:\/\/starmoonland.com\/weblog\/wp-content\/uploads\/2019\/06\/WhatsApp-Image-2019-06-20-at-20.29.13-169x300.jpeg\" class=\"gt3pg_swipebox \" data-description=\"\"><div class=\"gt3pg_img_wrap \" style=\"background-image: url(https:\/\/starmoonland.com\/weblog\/wp-content\/uploads\/2019\/06\/WhatsApp-Image-2019-06-20-at-20.29.13-169x300.jpeg);\" data-width=\"720\" data-height=\"1280\" data-i=\"3\" >\r\n<img decoding=\"async\" src=\"https:\/\/starmoonland.com\/weblog\/wp-content\/uploads\/2019\/06\/WhatsApp-Image-2019-06-20-at-20.29.13-169x300.jpeg\" title=\"Screen Shot de navega\u00e7\u00e3o responsiva p\u00e1gina inicial\" alt=\"\" \/>\r\n<\/div><\/a>\n<\/div>\n <\/div><\/figure>\n<figure class=\"gt3pg_gallery-item gt3pg_element\"><div class=\"gt3pg_item_main_wrapper\"><div class=\"gt3pg_item-wrapper\"><a href=\"https:\/\/starmoonland.com\/weblog\/wp-content\/uploads\/2019\/06\/capa-site-regina-300x153.png\" class=\"gt3pg_swipebox \" data-description=\"\"><div class=\"gt3pg_img_wrap \" style=\"background-image: url(https:\/\/starmoonland.com\/weblog\/wp-content\/uploads\/2019\/06\/capa-site-regina-300x153.png);\" data-width=\"1920\" data-height=\"981\" data-i=\"4\" >\r\n<img decoding=\"async\" src=\"https:\/\/starmoonland.com\/weblog\/wp-content\/uploads\/2019\/06\/capa-site-regina-300x153.png\" title=\"P\u00e1gina inicial do site\" alt=\"\" \/>\r\n<\/div><\/a>\n<\/div>\n <\/div><\/figure>\n<figure class=\"gt3pg_gallery-item gt3pg_element\"><div class=\"gt3pg_item_main_wrapper\"><div class=\"gt3pg_item-wrapper\"><a href=\"https:\/\/starmoonland.com\/weblog\/wp-content\/uploads\/2019\/06\/pagina3-300x153.png\" class=\"gt3pg_swipebox \" data-description=\"\"><div class=\"gt3pg_img_wrap \" style=\"background-image: url(https:\/\/starmoonland.com\/weblog\/wp-content\/uploads\/2019\/06\/pagina3-300x153.png);\" data-width=\"1920\" data-height=\"981\" data-i=\"5\" >\r\n<img decoding=\"async\" src=\"https:\/\/starmoonland.com\/weblog\/wp-content\/uploads\/2019\/06\/pagina3-300x153.png\" title=\"Pagina descritiva de projeto\" alt=\"\" \/>\r\n<\/div><\/a>\n<\/div>\n <\/div><\/figure>\n<figure class=\"gt3pg_gallery-item gt3pg_element\"><div class=\"gt3pg_item_main_wrapper\"><div class=\"gt3pg_item-wrapper\"><a href=\"https:\/\/starmoonland.com\/weblog\/wp-content\/uploads\/2019\/06\/pagina2-300x153.png\" class=\"gt3pg_swipebox \" data-description=\"\"><div class=\"gt3pg_img_wrap \" style=\"background-image: url(https:\/\/starmoonland.com\/weblog\/wp-content\/uploads\/2019\/06\/pagina2-300x153.png);\" data-width=\"1920\" data-height=\"981\" data-i=\"6\" >\r\n<img decoding=\"async\" src=\"https:\/\/starmoonland.com\/weblog\/wp-content\/uploads\/2019\/06\/pagina2-300x153.png\" title=\"p\u00e1gina descritiva de projeto 2\" alt=\"\" \/>\r\n<\/div><\/a>\n<\/div>\n <\/div><\/figure>\n<figure class=\"gt3pg_gallery-item gt3pg_element\"><div class=\"gt3pg_item_main_wrapper\"><div class=\"gt3pg_item-wrapper\"><a href=\"https:\/\/starmoonland.com\/weblog\/wp-content\/uploads\/2019\/06\/pagina4-300x153.png\" class=\"gt3pg_swipebox \" data-description=\"\"><div class=\"gt3pg_img_wrap \" style=\"background-image: url(https:\/\/starmoonland.com\/weblog\/wp-content\/uploads\/2019\/06\/pagina4-300x153.png);\" data-width=\"1920\" data-height=\"981\" data-i=\"7\" >\r\n<img decoding=\"async\" src=\"https:\/\/starmoonland.com\/weblog\/wp-content\/uploads\/2019\/06\/pagina4-300x153.png\" title=\"pagina4\" alt=\"\" \/>\r\n<\/div><\/a>\n<\/div>\n <\/div><\/figure>\n<figure class=\"gt3pg_gallery-item gt3pg_element\"><div class=\"gt3pg_item_main_wrapper\"><div class=\"gt3pg_item-wrapper\"><a href=\"https:\/\/starmoonland.com\/weblog\/wp-content\/uploads\/2019\/06\/cover-video-1-300x153.png\" class=\"gt3pg_swipebox mfp-iframe youtube\" data-description=\"\"><div class=\"gt3pg_img_wrap \" style=\"background-image: url(https:\/\/starmoonland.com\/weblog\/wp-content\/uploads\/2019\/06\/cover-video-1-300x153.png);\" data-width=\"1920\" data-height=\"981\" data-i=\"8\" >\r\n<img decoding=\"async\" src=\"https:\/\/starmoonland.com\/weblog\/wp-content\/uploads\/2019\/06\/cover-video-1-300x153.png\" title=\"Video da \u00e1rea administrativa\" alt=\"Video da \u00e1rea administrativa\" \/>\r\n<\/div><\/a>\n<\/div>\n <\/div><\/figure>\n<\/div>\n <style type='text\/css'>\r\n\t\t\t#gt3pg_gallery1 .gt3pg_item_main_wrapper {\r\n\t\t\t\tpadding: 15px\r\n\t\t\t}\r\n\t\t\t\r\n\t\t#gt3pg_gallery1 .gt3pg_item-wrapper {\r\n\t\t  border: 1px solid #dddddd;\r\n\t\t  padding: 0px;\r\n\t\t}\r\n\t\t#gt3pg_gallery1 .gt3pg_gallery-item .gt3pg_item-wrapper:after {\r\n\t\t    top: 0px;\r\n\t\t    bottom: 0px;\r\n\t\t    left: 0px;\r\n\t\t    right: 0px; \r\n\t\t}\r\n\t\t\r\n\t\t#gt3pg_gallery1.gt3pg_photo_gallery.gt3pg-corner-type-rounded .gt3pg_item-wrapper{\r\n\t\t\tborder-radius: 6px;\r\n\t\t\t-moz-border-radius: 6px;\r\n\t\t\t-webkit-border-radius: 6px;\r\n\t\t}\r\n\t\t\r\n\t\t#gt3pg_gallery1.gt3pg_photo_gallery.gt3pg-corner-type-rounded .gt3pg_item-wrapper {\r\n\t\t\tborder-radius: 6px;\r\n\t\t\t-moz-border-radius: 6px;\r\n\t\t\t-webkit-border-radius: 6px;\r\n\t\t}\r\n\r\n        \r\n\t\t\t            #gt3pg_gallery1 div.gt3pg_gallery-icon {\r\n\t\t\t            border-color: #dddddd;\r\n\t\t\t        }<\/style>\n\t\t","protected":false},"excerpt":{"rendered":"","protected":false},"author":1,"featured_media":2852,"parent":2804,"menu_order":0,"comment_status":"closed","ping_status":"closed","template":"portfolio.php","meta":{"_acf_changed":false,"footnotes":""},"categories":[675,676,26,673],"tags":[682,683,684,679,680,685,686,658],"class_list":["post-2415","page","type-page","status-publish","has-post-thumbnail","hentry","category-design-e-arte","category-digital","category-portfolio","category-projetos-web","tag-alteracao-de-temas","tag-alteracao-do-sistema","tag-css","tag-html","tag-php","tag-plugins","tag-responsivo","tag-wordpress"],"acf":[],"_links":{"self":[{"href":"https:\/\/starmoonland.com\/weblog\/wp-json\/wp\/v2\/pages\/2415","targetHints":{"allow":["GET"]}}],"collection":[{"href":"https:\/\/starmoonland.com\/weblog\/wp-json\/wp\/v2\/pages"}],"about":[{"href":"https:\/\/starmoonland.com\/weblog\/wp-json\/wp\/v2\/types\/page"}],"author":[{"embeddable":true,"href":"https:\/\/starmoonland.com\/weblog\/wp-json\/wp\/v2\/users\/1"}],"replies":[{"embeddable":true,"href":"https:\/\/starmoonland.com\/weblog\/wp-json\/wp\/v2\/comments?post=2415"}],"version-history":[{"count":37,"href":"https:\/\/starmoonland.com\/weblog\/wp-json\/wp\/v2\/pages\/2415\/revisions"}],"predecessor-version":[{"id":2952,"href":"https:\/\/starmoonland.com\/weblog\/wp-json\/wp\/v2\/pages\/2415\/revisions\/2952"}],"up":[{"embeddable":true,"href":"https:\/\/starmoonland.com\/weblog\/wp-json\/wp\/v2\/pages\/2804"}],"wp:featuredmedia":[{"embeddable":true,"href":"https:\/\/starmoonland.com\/weblog\/wp-json\/wp\/v2\/media\/2852"}],"wp:attachment":[{"href":"https:\/\/starmoonland.com\/weblog\/wp-json\/wp\/v2\/media?parent=2415"}],"wp:term":[{"taxonomy":"category","embeddable":true,"href":"https:\/\/starmoonland.com\/weblog\/wp-json\/wp\/v2\/categories?post=2415"},{"taxonomy":"post_tag","embeddable":true,"href":"https:\/\/starmoonland.com\/weblog\/wp-json\/wp\/v2\/tags?post=2415"}],"curies":[{"name":"wp","href":"https:\/\/api.w.org\/{rel}","templated":true}]}}