{"id":2810,"date":"2019-06-20T20:52:50","date_gmt":"2019-06-20T20:52:50","guid":{"rendered":"http:\/\/starmoonland.com\/weblog\/?page_id=2810"},"modified":"2019-08-12T19:12:48","modified_gmt":"2019-08-12T19:12:48","slug":"arte-e-design","status":"publish","type":"page","link":"https:\/\/starmoonland.com\/weblog\/artbook\/arte-e-design\/","title":{"rendered":"Arte e Design"},"content":{"rendered":"\n<div class=\"wp-block-media-text alignwide\" style=\"grid-template-columns:37% auto\"><figure class=\"wp-block-media-text__media\"><img loading=\"lazy\" decoding=\"async\" width=\"529\" height=\"375\" src=\"http:\/\/starmoonland.com\/weblog\/wp-content\/uploads\/pg0.jpg\" alt=\"\" class=\"wp-image-3401\" srcset=\"https:\/\/starmoonland.com\/weblog\/wp-content\/uploads\/pg0.jpg 529w, https:\/\/starmoonland.com\/weblog\/wp-content\/uploads\/pg0-300x213.jpg 300w\" sizes=\"auto, (max-width: 529px) 100vw, 529px\" \/><\/figure><div class=\"wp-block-media-text__content\">\n<div class=\"wp-block-button\"><a class=\"wp-block-button__link\" href=\"http:\/\/starmoonland.com\/weblog\/artbook\/arte-e-design\/impresso\/edicao-tcc-mariah\/\">TFG Belas Artes<\/a><\/div>\n\n\n\n<p class=\"has-small-font-size\">Diagrama\u00e7\u00e3o de book impresso e prancha conceito<\/p>\n<\/div><\/div>\n\n\n\n<hr class=\"wp-block-separator\"\/>\n\n\n\n<div class=\"wp-block-media-text alignwide\" style=\"grid-template-columns:37% auto\"><figure class=\"wp-block-media-text__media\"><img loading=\"lazy\" decoding=\"async\" width=\"945\" height=\"801\" src=\"http:\/\/starmoonland.com\/weblog\/wp-content\/uploads\/paginas-do-book-1.png\" alt=\"\" class=\"wp-image-3424\" srcset=\"https:\/\/starmoonland.com\/weblog\/wp-content\/uploads\/paginas-do-book-1.png 945w, https:\/\/starmoonland.com\/weblog\/wp-content\/uploads\/paginas-do-book-1-300x254.png 300w, https:\/\/starmoonland.com\/weblog\/wp-content\/uploads\/paginas-do-book-1-768x651.png 768w\" sizes=\"auto, (max-width: 945px) 100vw, 945px\" \/><\/figure><div class=\"wp-block-media-text__content\">\n<div class=\"wp-block-button\"><a class=\"wp-block-button__link\" href=\"http:\/\/starmoonland.com\/weblog\/artbook\/arte-e-design\/impresso\/tcc-brie-resto\/\">TCC Brie Resto<\/a><\/div>\n\n\n\n<p class=\"has-small-font-size\">Diagrama\u00e7\u00e3o de book impresso para conclus\u00e3o de curso da FAAP. <\/p>\n<\/div><\/div>\n\n\n\n<hr class=\"wp-block-separator\"\/>\n\n\n\n<div class=\"wp-block-media-text alignwide\" style=\"grid-template-columns:37% auto\"><figure class=\"wp-block-media-text__media\"><img loading=\"lazy\" decoding=\"async\" width=\"876\" height=\"526\" src=\"http:\/\/starmoonland.com\/weblog\/wp-content\/uploads\/cartao-de-visitas-csigns.png\" alt=\"\" class=\"wp-image-3449\" srcset=\"https:\/\/starmoonland.com\/weblog\/wp-content\/uploads\/cartao-de-visitas-csigns.png 876w, https:\/\/starmoonland.com\/weblog\/wp-content\/uploads\/cartao-de-visitas-csigns-300x180.png 300w, https:\/\/starmoonland.com\/weblog\/wp-content\/uploads\/cartao-de-visitas-csigns-768x461.png 768w\" sizes=\"auto, (max-width: 876px) 100vw, 876px\" \/><\/figure><div class=\"wp-block-media-text__content\">\n<div class=\"wp-block-button\"><a class=\"wp-block-button__link\" href=\"https:\/\/starmoonland.com\/weblog\/artbook\/arte-e-design\/impresso\/cartoes-de-visitas\/\">Cart\u00f5es de visitas<\/a><\/div>\n\n\n\n<p class=\"has-small-font-size\">Cria\u00e7\u00e3o e impress\u00e3o de cart\u00f5es de visitas corporativos e pessoais. <\/p>\n<\/div><\/div>\n\n\n\n<hr class=\"wp-block-separator\"\/>\n\n\n\n<div class=\"wp-block-media-text alignwide\" style=\"grid-template-columns:37% auto\"><figure class=\"wp-block-media-text__media\"><img loading=\"lazy\" decoding=\"async\" width=\"886\" height=\"624\" src=\"http:\/\/starmoonland.com\/weblog\/wp-content\/uploads\/1-manual.png\" alt=\"\" class=\"wp-image-3456\" srcset=\"https:\/\/starmoonland.com\/weblog\/wp-content\/uploads\/1-manual.png 886w, https:\/\/starmoonland.com\/weblog\/wp-content\/uploads\/1-manual-300x211.png 300w, https:\/\/starmoonland.com\/weblog\/wp-content\/uploads\/1-manual-768x541.png 768w\" sizes=\"auto, (max-width: 886px) 100vw, 886px\" \/><\/figure><div class=\"wp-block-media-text__content\">\n<div class=\"wp-block-button\"><a class=\"wp-block-button__link\" href=\"https:\/\/starmoonland.com\/weblog\/artbook\/arte-e-design\/digital\/csigns-criacao-de-marca\/\">Identidade visual Csigns<\/a><\/div>\n\n\n\n<p class=\"has-small-font-size\">Cria\u00e7\u00e3o de identidade visual<\/p>\n<\/div><\/div>\n\n\n\n<hr class=\"wp-block-separator\"\/>\n\n\n\n<div class=\"wp-block-media-text alignwide\" style=\"grid-template-columns:37% auto\"><figure class=\"wp-block-media-text__media\"><img loading=\"lazy\" decoding=\"async\" width=\"558\" height=\"537\" src=\"http:\/\/starmoonland.com\/weblog\/wp-content\/uploads\/img-avatares.png\" alt=\"\" class=\"wp-image-3365\" srcset=\"https:\/\/starmoonland.com\/weblog\/wp-content\/uploads\/img-avatares.png 558w, https:\/\/starmoonland.com\/weblog\/wp-content\/uploads\/img-avatares-300x289.png 300w\" sizes=\"auto, (max-width: 558px) 100vw, 558px\" \/><\/figure><div class=\"wp-block-media-text__content\">\n<div class=\"wp-block-button\"><a class=\"wp-block-button__link\" href=\"http:\/\/starmoonland.com\/weblog\/artbook\/arte-e-design\/digital\/icons\/\">Icons\/Avatares<\/a><\/div>\n\n\n\n<p class=\"has-small-font-size\"> Avatares para utiliza\u00e7\u00e3o em perfis de f\u00f3runs. Cria\u00e7\u00e3o em conjunto com a galera do Mang\u00e1s Space.  <\/p>\n<\/div><\/div>\n","protected":false},"excerpt":{"rendered":"","protected":false},"author":1,"featured_media":0,"parent":51,"menu_order":0,"comment_status":"closed","ping_status":"closed","template":"","meta":{"_acf_changed":false,"footnotes":""},"categories":[26],"tags":[],"class_list":["post-2810","page","type-page","status-publish","hentry","category-portfolio"],"acf":[],"_links":{"self":[{"href":"https:\/\/starmoonland.com\/weblog\/wp-json\/wp\/v2\/pages\/2810","targetHints":{"allow":["GET"]}}],"collection":[{"href":"https:\/\/starmoonland.com\/weblog\/wp-json\/wp\/v2\/pages"}],"about":[{"href":"https:\/\/starmoonland.com\/weblog\/wp-json\/wp\/v2\/types\/page"}],"author":[{"embeddable":true,"href":"https:\/\/starmoonland.com\/weblog\/wp-json\/wp\/v2\/users\/1"}],"replies":[{"embeddable":true,"href":"https:\/\/starmoonland.com\/weblog\/wp-json\/wp\/v2\/comments?post=2810"}],"version-history":[{"count":3,"href":"https:\/\/starmoonland.com\/weblog\/wp-json\/wp\/v2\/pages\/2810\/revisions"}],"predecessor-version":[{"id":3484,"href":"https:\/\/starmoonland.com\/weblog\/wp-json\/wp\/v2\/pages\/2810\/revisions\/3484"}],"up":[{"embeddable":true,"href":"https:\/\/starmoonland.com\/weblog\/wp-json\/wp\/v2\/pages\/51"}],"wp:attachment":[{"href":"https:\/\/starmoonland.com\/weblog\/wp-json\/wp\/v2\/media?parent=2810"}],"wp:term":[{"taxonomy":"category","embeddable":true,"href":"https:\/\/starmoonland.com\/weblog\/wp-json\/wp\/v2\/categories?post=2810"},{"taxonomy":"post_tag","embeddable":true,"href":"https:\/\/starmoonland.com\/weblog\/wp-json\/wp\/v2\/tags?post=2810"}],"curies":[{"name":"wp","href":"https:\/\/api.w.org\/{rel}","templated":true}]}}