{"id":8,"date":"2008-08-11T17:47:34","date_gmt":"2008-08-11T17:47:34","guid":{"rendered":"http:\/\/starmoonland.com\/weblog\/?page_id=4"},"modified":"2021-09-08T07:24:38","modified_gmt":"2021-09-08T07:24:38","slug":"blog","status":"publish","type":"page","link":"https:\/\/starmoonland.com\/weblog\/blog\/","title":{"rendered":"Sobre o Blog"},"content":{"rendered":"<h3>O Dom\u00ednio<\/h3>\n<p>Tamb\u00e9m conhecido como meu primeiro filho, e como todo bom primeiro filho, \u00e9 muito mimado. J\u00e1 faz uns bons anos desde que eu aderi a moda da internet, criei meu blog e com ele fui crescendo at\u00e9 chegar aqui! Claro que todos os cliches s\u00e3o reais, e eu mais apanho de novas ferramentas, novas informa\u00e7\u00f5es e como boa perfeccionista que sou, nunca estou satisfeita com o que consigo fazer e fico quebrando a cabe\u00e7a para colocar novas funcionalidades e aprender mais sobre o mundo da web. Mesmo com a dor de cabe\u00e7a todas as vezes que quero fazer algo diferente, posso dizer que cada dia chego mais perto do resultado que busco, e fico feliz ao ver esse meu pequeno sonho se realizar.<\/p>\n<p>De pequena era doidinha pela s\u00e9rie Sailor Moon, e quando mergulhei no mundo da internet com meus 11 anos, decidi que um dia eu teria um site em que uniria todas as minhas paix\u00f5es. E foi assim, aos meus 12 anos que surgiu o&nbsp; <i>StarMoonLand. <\/i>Minha adora\u00e7\u00e3o pela lua *-* , a vontade de encontrar um espa\u00e7o onde pudesse ser eu mesma e&nbsp; claro, Sailor Moon,&nbsp;&nbsp;que me induziu \u00e0 um caminho sem volta ao mundo dos &nbsp;animes e mang\u00e1s, levaram a cria\u00e7\u00e3o do nome nada pr\u00e1tico, que n\u00e3o troco.<\/p>\n<p>No inicio a ideia era ser um site de utilidades para os f\u00e3s de animes e mang\u00e1s, com templates, icons, gifs bregas animados que na \u00e9poca eram super cool, entre outras muitas coisinhas fofas que eu achava que fazia bem. Depois percebi que fazer isso s\u00f3 n\u00e3o me levaria para frente e comecei a fu\u00e7ar um pouco mais no mundo da internet, e decidi que gostaria de ajudar pessoas que como eu tinham pequenos sonhos, e transformei o dominio em uma casa para varios hospedes que vinham, ficavam o tempo que queriam e depois partiam para sonhos maiores.<\/p>\n<p>At\u00e9 hoje ainda mantenho esse espa\u00e7o aberto, caso algu\u00e9m ainda procure uma casinha na internet, e at\u00e9 hoje uma das minhas melhores amigas continua aqui comigo, hospedando um dos blogs que mais amo nessa terra, o <a title=\"Dreams\" href=\"http:\/\/starmoonland.com\/thay\" target=\"_blank\" rel=\"noopener noreferrer\">Dreams<\/a>. Mas como toda crian\u00e7a precisa crescer, hoje mantenho em meu espa\u00e7o algumas coisas mais s\u00e9rias (s\u00f3 que n\u00e3o), como meu portf\u00f3lio, algumas coisinhas que encontro quando vasculho os meus disckets (sou velha mesmo!), entre outras coisas mais.<\/p>\n<h3>O Blog<\/h3>\n<p>O nome <i>Tsuki no Hana<\/i> surgiu depois de refletir um pouco o momento que estava em minha vida e a necessidade de crescer, ainda que n\u00e3o muito, como pessoa e alavancar novos voos na minha ent\u00e3o, adolesc\u00eancia. Gra\u00e7as alguns amigos, que ficaram quebrando a cabe\u00e7a junto comigo para chegar \u00e0 algum nome,&nbsp; e vivia meu auge dos animes, mang\u00e1s e cultura japonesa,&nbsp; surgiu o Tsuki no Hana.<br \/>\nO nome origin\u00e1rio da lingua japonesa significa: <em>Flor da lua<\/em>.<\/p>\n<p>Curiosidades: meu primeiro blog, era chamado de Glims, e pouco tempo depois, mudei para o SML onde fiquei por uns 2 ou 3 anos. M\u00e1s foi s\u00f3 quando nasceu o Tsuki no Hana que dei um grande passo e me aventurei a desvendar os segredos desse mundo louco de programa\u00e7\u00e3o.<\/p>\n<p><center><img loading=\"lazy\" decoding=\"async\" class=\"alignone\" src=\"http:\/\/starmoonland.com\/weblog\/wp-content\/uploads\/2008\/12\/tnh2.png\" alt=\"Tsuki no Hana\" width=\"88\" height=\"31\"><br \/>\n<textarea>&lt;a href=&#8221;http:\/\/starmoonland.com&#8221; target=&#8221;_blank&#8221; rel=&#8221;noopener noreferrer&#8221;&gt;&lt;img src=&#8221;http:\/\/starmoonland.com\/weblog\/wp-content\/uploads\/2008\/12\/tnh2.png&#8221; alt=&#8221;Tsuki no Hana&#8221; width=&#8221;88&#8243; height=&#8221;31&#8243; class=&#8221;aligncenter&#8221;&gt;&lt;\/a&gt;<\/textarea><\/center><\/p>\n<ul>\n<li><a href=\"http:\/\/starmoonland.com\/weblog\/domain\/past\">Hist\u00f3ria visual do Blog<\/a>\n<ul>\n<li>Nessa p\u00e1gina mostro todos os layouts desde o inicio do Tsuki no Hana. Aqui \u00e9 poss\u00edvel perceber a mudan\u00e7a tanto de \u00e9poca e de habilidade, quanto tamb\u00e9m da plataforma e tipo de codifica\u00e7\u00e3o. O Tsuki no Hana come\u00e7ou no Blogger, depois passou para o sistema do Cutenews e posteriormente para o WordPress, onde permanece at\u00e9 hoje.<\/li>\n<\/ul>\n<\/li>\n<\/ul>\n","protected":false},"excerpt":{"rendered":"<p>O Dom\u00ednio Tamb\u00e9m conhecido como meu primeiro filho, e como todo bom primeiro filho, \u00e9 muito mimado. J\u00e1 faz uns bons anos desde que eu aderi a moda da internet, criei meu blog e com ele fui crescendo at\u00e9 chegar aqui! Claro que todos os cliches s\u00e3o reais, e eu mais apanho de novas ferramentas,&#8230;<\/p>\n","protected":false},"author":1,"featured_media":0,"parent":0,"menu_order":1,"comment_status":"closed","ping_status":"open","template":"","meta":{"_acf_changed":false,"footnotes":""},"categories":[],"tags":[],"class_list":["post-8","page","type-page","status-publish","hentry"],"acf":[],"_links":{"self":[{"href":"https:\/\/starmoonland.com\/weblog\/wp-json\/wp\/v2\/pages\/8","targetHints":{"allow":["GET"]}}],"collection":[{"href":"https:\/\/starmoonland.com\/weblog\/wp-json\/wp\/v2\/pages"}],"about":[{"href":"https:\/\/starmoonland.com\/weblog\/wp-json\/wp\/v2\/types\/page"}],"author":[{"embeddable":true,"href":"https:\/\/starmoonland.com\/weblog\/wp-json\/wp\/v2\/users\/1"}],"replies":[{"embeddable":true,"href":"https:\/\/starmoonland.com\/weblog\/wp-json\/wp\/v2\/comments?post=8"}],"version-history":[{"count":3,"href":"https:\/\/starmoonland.com\/weblog\/wp-json\/wp\/v2\/pages\/8\/revisions"}],"predecessor-version":[{"id":3539,"href":"https:\/\/starmoonland.com\/weblog\/wp-json\/wp\/v2\/pages\/8\/revisions\/3539"}],"wp:attachment":[{"href":"https:\/\/starmoonland.com\/weblog\/wp-json\/wp\/v2\/media?parent=8"}],"wp:term":[{"taxonomy":"category","embeddable":true,"href":"https:\/\/starmoonland.com\/weblog\/wp-json\/wp\/v2\/categories?post=8"},{"taxonomy":"post_tag","embeddable":true,"href":"https:\/\/starmoonland.com\/weblog\/wp-json\/wp\/v2\/tags?post=8"}],"curies":[{"name":"wp","href":"https:\/\/api.w.org\/{rel}","templated":true}]}}